{"id":2,"date":"2021-12-28T14:43:12","date_gmt":"2021-12-28T14:43:12","guid":{"rendered":"https:\/\/partidolivre.pt\/legislativas2022\/?page_id=2"},"modified":"2022-01-28T23:11:53","modified_gmt":"2022-01-28T23:11:53","slug":"legislativas-2022","status":"publish","type":"page","link":"https:\/\/partidolivre.pt\/legislativas2022\/","title":{"rendered":"Legislativas 2022"},"content":{"rendered":"","protected":false},"excerpt":{"rendered":"","protected":false},"author":1,"featured_media":0,"parent":0,"menu_order":0,"comment_status":"closed","ping_status":"open","template":"","meta":{"footnotes":""},"class_list":["post-2","page","type-page","status-publish","hentry"],"acf":[],"yoast_head":"<!-- This site is optimized with the Yoast SEO plugin v17.8 - https:\/\/yoast.com\/wordpress\/plugins\/seo\/ -->\n<title>Legislativas 2022 - Partido LIVRE<\/title>\n<meta name=\"description\" content=\"As candidaturas, o programa e as bandeiras do LIVRE para as Elei\u00e7\u00f5es Legislativas Antecipadas de 30 de janeiro de 2022.\" \/>\n<meta name=\"robots\" content=\"index, follow, max-snippet:-1, max-image-preview:large, max-video-preview:-1\" \/>\n<link rel=\"canonical\" href=\"https:\/\/partidolivre.pt\/legislativas2022\/\" \/>\n<meta property=\"og:locale\" content=\"pt_PT\" \/>\n<meta property=\"og:type\" content=\"article\" \/>\n<meta property=\"og:title\" content=\"Legislativas 2022 - Partido LIVRE\" \/>\n<meta property=\"og:description\" content=\"As candidaturas, o programa e as bandeiras do LIVRE para as Elei\u00e7\u00f5es Legislativas Antecipadas de 30 de janeiro de 2022.\" \/>\n<meta property=\"og:url\" content=\"https:\/\/partidolivre.pt\/legislativas2022\/\" \/>\n<meta property=\"og:site_name\" content=\"Partido LIVRE\" \/>\n<meta property=\"article:publisher\" content=\"https:\/\/www.facebook.com\/LIVREoficialpt\" \/>\n<meta property=\"article:modified_time\" content=\"2022-01-28T23:11:53+00:00\" \/>\n<meta name=\"twitter:card\" content=\"summary_large_image\" \/>\n<meta name=\"twitter:site\" content=\"@LIVREpt\" \/>\n<script type=\"application\/ld+json\" class=\"yoast-schema-graph\">{\"@context\":\"https:\/\/schema.org\",\"@graph\":[{\"@type\":\"Organization\",\"@id\":\"https:\/\/partidolivre.pt\/legislativas2022\/#organization\",\"name\":\"Partido Livre\",\"url\":\"https:\/\/partidolivre.pt\/legislativas2022\/\",\"sameAs\":[\"https:\/\/www.facebook.com\/LIVREoficialpt\",\"https:\/\/www.instagram.com\/partidolivre\/\",\"https:\/\/www.youtube.com\/channel\/UC6TFWe1zAVJxv5edHFj2pXA\",\"https:\/\/twitter.com\/LIVREpt\"],\"logo\":{\"@type\":\"ImageObject\",\"@id\":\"https:\/\/partidolivre.pt\/legislativas2022\/#logo\",\"inLanguage\":\"pt-PT\",\"url\":\"https:\/\/partidolivre.pt\/legislativas2022\/wp-content\/uploads\/2022\/01\/livrelogo.jpg\",\"contentUrl\":\"https:\/\/partidolivre.pt\/legislativas2022\/wp-content\/uploads\/2022\/01\/livrelogo.jpg\",\"width\":800,\"height\":800,\"caption\":\"Partido Livre\"},\"image\":{\"@id\":\"https:\/\/partidolivre.pt\/legislativas2022\/#logo\"}},{\"@type\":\"WebSite\",\"@id\":\"https:\/\/partidolivre.pt\/legislativas2022\/#website\",\"url\":\"https:\/\/partidolivre.pt\/legislativas2022\/\",\"name\":\"Partido LIVRE\",\"description\":\"Candidatura do Partido LIVRE \\u00e0s Elei\\u00e7\\u00f5es Legislativas 2022\",\"publisher\":{\"@id\":\"https:\/\/partidolivre.pt\/legislativas2022\/#organization\"},\"potentialAction\":[{\"@type\":\"SearchAction\",\"target\":{\"@type\":\"EntryPoint\",\"urlTemplate\":\"https:\/\/partidolivre.pt\/legislativas2022\/?s={search_term_string}\"},\"query-input\":\"required name=search_term_string\"}],\"inLanguage\":\"pt-PT\"},{\"@type\":\"WebPage\",\"@id\":\"https:\/\/partidolivre.pt\/legislativas2022\/#webpage\",\"url\":\"https:\/\/partidolivre.pt\/legislativas2022\/\",\"name\":\"Legislativas 2022 - Partido LIVRE\",\"isPartOf\":{\"@id\":\"https:\/\/partidolivre.pt\/legislativas2022\/#website\"},\"datePublished\":\"2021-12-28T14:43:12+00:00\",\"dateModified\":\"2022-01-28T23:11:53+00:00\",\"description\":\"As candidaturas, o programa e as bandeiras do LIVRE para as Elei\\u00e7\\u00f5es Legislativas Antecipadas de 30 de janeiro de 2022.\",\"breadcrumb\":{\"@id\":\"https:\/\/partidolivre.pt\/legislativas2022\/#breadcrumb\"},\"inLanguage\":\"pt-PT\",\"potentialAction\":[{\"@type\":\"ReadAction\",\"target\":[\"https:\/\/partidolivre.pt\/legislativas2022\/\"]}]},{\"@type\":\"BreadcrumbList\",\"@id\":\"https:\/\/partidolivre.pt\/legislativas2022\/#breadcrumb\",\"itemListElement\":[{\"@type\":\"ListItem\",\"position\":1,\"name\":\"In\\u00edcio\",\"item\":\"https:\/\/partidolivre.pt\/legislativas2022\/\"},{\"@type\":\"ListItem\",\"position\":2,\"name\":\"Legislativas 2022\"}]}]}<\/script>\n<!-- \/ Yoast SEO plugin. -->","yoast_head_json":{"title":"Legislativas 2022 - Partido LIVRE","description":"As candidaturas, o programa e as bandeiras do LIVRE para as Elei\u00e7\u00f5es Legislativas Antecipadas de 30 de janeiro de 2022.","robots":{"index":"index","follow":"follow","max-snippet":"max-snippet:-1","max-image-preview":"max-image-preview:large","max-video-preview":"max-video-preview:-1"},"canonical":"https:\/\/partidolivre.pt\/legislativas2022\/","og_locale":"pt_PT","og_type":"article","og_title":"Legislativas 2022 - Partido LIVRE","og_description":"As candidaturas, o programa e as bandeiras do LIVRE para as Elei\u00e7\u00f5es Legislativas Antecipadas de 30 de janeiro de 2022.","og_url":"https:\/\/partidolivre.pt\/legislativas2022\/","og_site_name":"Partido LIVRE","article_publisher":"https:\/\/www.facebook.com\/LIVREoficialpt","article_modified_time":"2022-01-28T23:11:53+00:00","twitter_card":"summary_large_image","twitter_site":"@LIVREpt","schema":{"@context":"https:\/\/schema.org","@graph":[{"@type":"Organization","@id":"https:\/\/partidolivre.pt\/legislativas2022\/#organization","name":"Partido Livre","url":"https:\/\/partidolivre.pt\/legislativas2022\/","sameAs":["https:\/\/www.facebook.com\/LIVREoficialpt","https:\/\/www.instagram.com\/partidolivre\/","https:\/\/www.youtube.com\/channel\/UC6TFWe1zAVJxv5edHFj2pXA","https:\/\/twitter.com\/LIVREpt"],"logo":{"@type":"ImageObject","@id":"https:\/\/partidolivre.pt\/legislativas2022\/#logo","inLanguage":"pt-PT","url":"https:\/\/partidolivre.pt\/legislativas2022\/wp-content\/uploads\/2022\/01\/livrelogo.jpg","contentUrl":"https:\/\/partidolivre.pt\/legislativas2022\/wp-content\/uploads\/2022\/01\/livrelogo.jpg","width":800,"height":800,"caption":"Partido Livre"},"image":{"@id":"https:\/\/partidolivre.pt\/legislativas2022\/#logo"}},{"@type":"WebSite","@id":"https:\/\/partidolivre.pt\/legislativas2022\/#website","url":"https:\/\/partidolivre.pt\/legislativas2022\/","name":"Partido LIVRE","description":"Candidatura do Partido LIVRE \u00e0s Elei\u00e7\u00f5es Legislativas 2022","publisher":{"@id":"https:\/\/partidolivre.pt\/legislativas2022\/#organization"},"potentialAction":[{"@type":"SearchAction","target":{"@type":"EntryPoint","urlTemplate":"https:\/\/partidolivre.pt\/legislativas2022\/?s={search_term_string}"},"query-input":"required name=search_term_string"}],"inLanguage":"pt-PT"},{"@type":"WebPage","@id":"https:\/\/partidolivre.pt\/legislativas2022\/#webpage","url":"https:\/\/partidolivre.pt\/legislativas2022\/","name":"Legislativas 2022 - Partido LIVRE","isPartOf":{"@id":"https:\/\/partidolivre.pt\/legislativas2022\/#website"},"datePublished":"2021-12-28T14:43:12+00:00","dateModified":"2022-01-28T23:11:53+00:00","description":"As candidaturas, o programa e as bandeiras do LIVRE para as Elei\u00e7\u00f5es Legislativas Antecipadas de 30 de janeiro de 2022.","breadcrumb":{"@id":"https:\/\/partidolivre.pt\/legislativas2022\/#breadcrumb"},"inLanguage":"pt-PT","potentialAction":[{"@type":"ReadAction","target":["https:\/\/partidolivre.pt\/legislativas2022\/"]}]},{"@type":"BreadcrumbList","@id":"https:\/\/partidolivre.pt\/legislativas2022\/#breadcrumb","itemListElement":[{"@type":"ListItem","position":1,"name":"In\u00edcio","item":"https:\/\/partidolivre.pt\/legislativas2022\/"},{"@type":"ListItem","position":2,"name":"Legislativas 2022"}]}]}},"_links":{"self":[{"href":"https:\/\/partidolivre.pt\/legislativas2022\/wp-json\/wp\/v2\/pages\/2","targetHints":{"allow":["GET"]}}],"collection":[{"href":"https:\/\/partidolivre.pt\/legislativas2022\/wp-json\/wp\/v2\/pages"}],"about":[{"href":"https:\/\/partidolivre.pt\/legislativas2022\/wp-json\/wp\/v2\/types\/page"}],"author":[{"embeddable":true,"href":"https:\/\/partidolivre.pt\/legislativas2022\/wp-json\/wp\/v2\/users\/1"}],"replies":[{"embeddable":true,"href":"https:\/\/partidolivre.pt\/legislativas2022\/wp-json\/wp\/v2\/comments?post=2"}],"version-history":[{"count":48,"href":"https:\/\/partidolivre.pt\/legislativas2022\/wp-json\/wp\/v2\/pages\/2\/revisions"}],"predecessor-version":[{"id":671,"href":"https:\/\/partidolivre.pt\/legislativas2022\/wp-json\/wp\/v2\/pages\/2\/revisions\/671"}],"wp:attachment":[{"href":"https:\/\/partidolivre.pt\/legislativas2022\/wp-json\/wp\/v2\/media?parent=2"}],"curies":[{"name":"wp","href":"https:\/\/api.w.org\/{rel}","templated":true}]}}